{"id":100,"date":"2024-11-06T06:43:41","date_gmt":"2024-11-06T06:43:41","guid":{"rendered":"https:\/\/demo2wpopal.b-cdn.net\/amoja\/?page_id=100"},"modified":"2025-05-29T10:50:38","modified_gmt":"2025-05-29T15:50:38","slug":"contacto","status":"publish","type":"page","link":"https:\/\/yemayaperu.com\/en\/contacto\/","title":{"rendered":"Contact"},"content":{"rendered":"<div data-elementor-type=\"wp-page\" data-elementor-id=\"100\" class=\"elementor elementor-100\">\n\t\t\t\t<div class=\"elementor-element elementor-element-720bf7c e-con-full e-flex wpr-particle-no wpr-jarallax-no wpr-parallax-no wpr-sticky-section-no e-con e-parent\" data-id=\"720bf7c\" data-element_type=\"container\">\n\t\t<div class=\"elementor-element elementor-element-a2ed377 e-con-full e-flex wpr-particle-no wpr-jarallax-no wpr-parallax-no wpr-sticky-section-no e-con e-child\" data-id=\"a2ed377\" data-element_type=\"container\" data-settings=\"{&quot;background_background&quot;:&quot;classic&quot;}\">\n\t\t<div class=\"elementor-element elementor-element-0ba761b e-flex e-con-boxed wpr-particle-no wpr-jarallax-no wpr-parallax-no wpr-sticky-section-no e-con e-child\" data-id=\"0ba761b\" data-element_type=\"container\">\n\t\t\t\t\t<div class=\"e-con-inner\">\n\t\t\t\t<div class=\"elementor-element elementor-element-ef7ab3c elementor-view-default elementor-widget elementor-widget-icon\" data-id=\"ef7ab3c\" data-element_type=\"widget\" data-widget_type=\"icon.default\">\n\t\t\t\t<div class=\"elementor-widget-container\">\n\t\t\t\t\t\t\t<div class=\"elementor-icon-wrapper\">\n\t\t\t<div class=\"elementor-icon\">\n\t\t\t<i aria-hidden=\"true\" class=\"amoja-icon- amoja-icon-lotus\"><\/i>\t\t\t<\/div>\n\t\t<\/div>\n\t\t\t\t\t\t<\/div>\n\t\t\t\t<\/div>\n\t\t\t\t<div class=\"elementor-element elementor-element-dd42e27 elementor-widget elementor-widget-text-editor\" data-id=\"dd42e27\" data-element_type=\"widget\" data-widget_type=\"text-editor.default\">\n\t\t\t\t<div class=\"elementor-widget-container\">\n\t\t\t\t\t\t\t\t\t<p>Contact us<\/p>\t\t\t\t\t\t\t\t<\/div>\n\t\t\t\t<\/div>\n\t\t\t\t<div class=\"elementor-element elementor-element-53f8949 elementor-widget elementor-widget-heading\" data-id=\"53f8949\" data-element_type=\"widget\" data-widget_type=\"heading.default\">\n\t\t\t\t<div class=\"elementor-widget-container\">\n\t\t\t\t\t<h3 class=\"elementor-heading-title elementor-size-default\">We'd love to hear from you! Contact us via our contact form, email, or phone.<\/h3>\t\t\t\t<\/div>\n\t\t\t\t<\/div>\n\t\t\t\t\t<\/div>\n\t\t\t\t<\/div>\n\t\t\t\t<\/div>\n\t\t<div class=\"elementor-element elementor-element-9058da8 e-con-full e-flex wpr-particle-no wpr-jarallax-no wpr-parallax-no wpr-sticky-section-no e-con e-child\" data-id=\"9058da8\" data-element_type=\"container\" data-settings=\"{&quot;background_background&quot;:&quot;classic&quot;}\">\n\t\t\t\t<div class=\"elementor-element elementor-element-ad9407f elementor-widget elementor-widget-spacer\" data-id=\"ad9407f\" data-element_type=\"widget\" data-widget_type=\"spacer.default\">\n\t\t\t\t<div class=\"elementor-widget-container\">\n\t\t\t\t\t\t\t<div class=\"elementor-spacer\">\n\t\t\t<div class=\"elementor-spacer-inner\"><\/div>\n\t\t<\/div>\n\t\t\t\t\t\t<\/div>\n\t\t\t\t<\/div>\n\t\t\t\t<\/div>\n\t\t\t\t<\/div>\n\t\t<div class=\"elementor-element elementor-element-03564b8 e-grid e-con-boxed wpr-particle-no wpr-jarallax-no wpr-parallax-no wpr-sticky-section-no e-con e-parent\" data-id=\"03564b8\" data-element_type=\"container\" data-settings=\"{&quot;background_background&quot;:&quot;classic&quot;}\">\n\t\t\t\t\t<div class=\"e-con-inner\">\n\t\t\t\t<div class=\"elementor-element elementor-element-f526a03 elementor-widget__width-inherit elementor-view-default elementor-position-top elementor-mobile-position-top elementor-widget elementor-widget-icon-box\" data-id=\"f526a03\" data-element_type=\"widget\" data-widget_type=\"icon-box.default\">\n\t\t\t\t<div class=\"elementor-widget-container\">\n\t\t\t\t\t\t\t<div class=\"elementor-icon-box-wrapper\">\n\n\t\t\t\t\t\t<div class=\"elementor-icon-box-icon\">\n\t\t\t\t<span  class=\"elementor-icon elementor-animation-grow\">\n\t\t\t\t<i aria-hidden=\"true\" class=\"amoja-icon- amoja-icon-location-1\"><\/i>\t\t\t\t<\/span>\n\t\t\t<\/div>\n\t\t\t\n\t\t\t\t\t\t<div class=\"elementor-icon-box-content\">\n\n\t\t\t\t\t\t\t\t\t<h5 class=\"elementor-icon-box-title\">\n\t\t\t\t\t\t<span  >\n\t\t\t\t\t\t\tAddress\t\t\t\t\t\t<\/span>\n\t\t\t\t\t<\/h5>\n\t\t\t\t\n\t\t\t\t\t\t\t\t\t<p class=\"elementor-icon-box-description\">\n\t\t\t\t\t\tAv. Panamericana Norte. Km 179, Canoas de Punta Sal 24560\t\t\t\t\t<\/p>\n\t\t\t\t\n\t\t\t<\/div>\n\t\t\t\n\t\t<\/div>\n\t\t\t\t\t\t<\/div>\n\t\t\t\t<\/div>\n\t\t\t\t<div class=\"elementor-element elementor-element-0030d93 elementor-widget__width-inherit elementor-view-default elementor-position-top elementor-mobile-position-top elementor-widget elementor-widget-icon-box\" data-id=\"0030d93\" data-element_type=\"widget\" data-widget_type=\"icon-box.default\">\n\t\t\t\t<div class=\"elementor-widget-container\">\n\t\t\t\t\t\t\t<div class=\"elementor-icon-box-wrapper\">\n\n\t\t\t\t\t\t<div class=\"elementor-icon-box-icon\">\n\t\t\t\t<span  class=\"elementor-icon elementor-animation-grow\">\n\t\t\t\t<i aria-hidden=\"true\" class=\"amoja-icon- amoja-icon-email\"><\/i>\t\t\t\t<\/span>\n\t\t\t<\/div>\n\t\t\t\n\t\t\t\t\t\t<div class=\"elementor-icon-box-content\">\n\n\t\t\t\t\t\t\t\t\t<h5 class=\"elementor-icon-box-title\">\n\t\t\t\t\t\t<span  >\n\t\t\t\t\t\t\tWrite to us\t\t\t\t\t\t<\/span>\n\t\t\t\t\t<\/h5>\n\t\t\t\t\n\t\t\t\t\t\t\t\t\t<p class=\"elementor-icon-box-description\">\n\t\t\t\t\t\tinformes@yemayaperu.com\t\t\t\t\t<\/p>\n\t\t\t\t\n\t\t\t<\/div>\n\t\t\t\n\t\t<\/div>\n\t\t\t\t\t\t<\/div>\n\t\t\t\t<\/div>\n\t\t\t\t<div class=\"elementor-element elementor-element-0afa14b elementor-widget__width-inherit elementor-view-default elementor-position-top elementor-mobile-position-top elementor-widget elementor-widget-icon-box\" data-id=\"0afa14b\" data-element_type=\"widget\" data-widget_type=\"icon-box.default\">\n\t\t\t\t<div class=\"elementor-widget-container\">\n\t\t\t\t\t\t\t<div class=\"elementor-icon-box-wrapper\">\n\n\t\t\t\t\t\t<div class=\"elementor-icon-box-icon\">\n\t\t\t\t<span  class=\"elementor-icon elementor-animation-grow\">\n\t\t\t\t<i aria-hidden=\"true\" class=\"amoja-icon- amoja-icon-telephone\"><\/i>\t\t\t\t<\/span>\n\t\t\t<\/div>\n\t\t\t\n\t\t\t\t\t\t<div class=\"elementor-icon-box-content\">\n\n\t\t\t\t\t\t\t\t\t<h5 class=\"elementor-icon-box-title\">\n\t\t\t\t\t\t<span  >\n\t\t\t\t\t\t\tWhatsApp\t\t\t\t\t\t<\/span>\n\t\t\t\t\t<\/h5>\n\t\t\t\t\n\t\t\t\t\t\t\t\t\t<p class=\"elementor-icon-box-description\">\n\t\t\t\t\t\t+51 981 848 008\t\t\t\t\t<\/p>\n\t\t\t\t\n\t\t\t<\/div>\n\t\t\t\n\t\t<\/div>\n\t\t\t\t\t\t<\/div>\n\t\t\t\t<\/div>\n\t\t\t\t\t<\/div>\n\t\t\t\t<\/div>\n\t\t<div class=\"elementor-element elementor-element-4d02e55 e-flex e-con-boxed wpr-particle-no wpr-jarallax-no wpr-parallax-no wpr-sticky-section-no e-con e-parent\" data-id=\"4d02e55\" data-element_type=\"container\" data-settings=\"{&quot;background_background&quot;:&quot;classic&quot;}\">\n\t\t\t\t\t<div class=\"e-con-inner\">\n\t\t\t\t<div class=\"elementor-element elementor-element-931709f elementor-view-default elementor-widget elementor-widget-icon\" data-id=\"931709f\" data-element_type=\"widget\" data-widget_type=\"icon.default\">\n\t\t\t\t<div class=\"elementor-widget-container\">\n\t\t\t\t\t\t\t<div class=\"elementor-icon-wrapper\">\n\t\t\t<div class=\"elementor-icon\">\n\t\t\t<i aria-hidden=\"true\" class=\"amoja-icon- amoja-icon-lotus\"><\/i>\t\t\t<\/div>\n\t\t<\/div>\n\t\t\t\t\t\t<\/div>\n\t\t\t\t<\/div>\n\t\t\t\t<div class=\"elementor-element elementor-element-e27d7cc elementor-widget elementor-widget-text-editor\" data-id=\"e27d7cc\" data-element_type=\"widget\" data-widget_type=\"text-editor.default\">\n\t\t\t\t<div class=\"elementor-widget-container\">\n\t\t\t\t\t\t\t\t\t<p>We are here to help.<\/p>\t\t\t\t\t\t\t\t<\/div>\n\t\t\t\t<\/div>\n\t\t\t\t<div class=\"elementor-element elementor-element-c7a8588 elementor-widget elementor-widget-heading\" data-id=\"c7a8588\" data-element_type=\"widget\" data-widget_type=\"heading.default\">\n\t\t\t\t<div class=\"elementor-widget-container\">\n\t\t\t\t\t<h2 class=\"elementor-heading-title elementor-size-default\">Do you have any questions?<\/h2>\t\t\t\t<\/div>\n\t\t\t\t<\/div>\n\t\t\t\t<div class=\"elementor-element elementor-element-4ad73dd elementor-widget elementor-widget-text-editor\" data-id=\"4ad73dd\" data-element_type=\"widget\" data-widget_type=\"text-editor.default\">\n\t\t\t\t<div class=\"elementor-widget-container\">\n\t\t\t\t\t\t\t\t\t<p>Contact us for booking inquiries or to learn more about our experiences.<\/p>\t\t\t\t\t\t\t\t<\/div>\n\t\t\t\t<\/div>\n\t\t\t\t<div class=\"elementor-element elementor-element-4b4ad10 elementor-widget elementor-widget-menu-anchor\" data-id=\"4b4ad10\" data-element_type=\"widget\" data-widget_type=\"menu-anchor.default\">\n\t\t\t\t<div class=\"elementor-widget-container\">\n\t\t\t\t\t\t\t<div class=\"elementor-menu-anchor\" id=\"formularioymy\"><\/div>\n\t\t\t\t\t\t<\/div>\n\t\t\t\t<\/div>\n\t\t\t\t<div class=\"elementor-element elementor-element-c8cb288 elementor-widget elementor-widget-amoja-contactform\" data-id=\"c8cb288\" data-element_type=\"widget\" data-widget_type=\"amoja-contactform.default\">\n\t\t\t\t<div class=\"elementor-widget-container\">\n\t\t\t\t\t\n<div class=\"wpcf7 no-js\" id=\"wpcf7-f85-o1\" lang=\"en-US\" dir=\"ltr\" data-wpcf7-id=\"85\">\n<div class=\"screen-reader-response\"><p role=\"status\" aria-live=\"polite\" aria-atomic=\"true\"><\/p> <ul><\/ul><\/div>\n<form action=\"\/en\/wp-json\/wp\/v2\/pages\/100#wpcf7-f85-o1\" method=\"post\" class=\"wpcf7-form init\" aria-label=\"Contact form\" novalidate=\"novalidate\" data-status=\"init\" data-trp-original-action=\"\/en\/wp-json\/wp\/v2\/pages\/100#wpcf7-f85-o1\">\n<fieldset class=\"hidden-fields-container\"><input type=\"hidden\" name=\"_wpcf7\" value=\"85\" \/><input type=\"hidden\" name=\"_wpcf7_version\" value=\"6.1\" \/><input type=\"hidden\" name=\"_wpcf7_locale\" value=\"en_US\" \/><input type=\"hidden\" name=\"_wpcf7_unit_tag\" value=\"wpcf7-f85-o1\" \/><input type=\"hidden\" name=\"_wpcf7_container_post\" value=\"0\" \/><input type=\"hidden\" name=\"_wpcf7_posted_data_hash\" value=\"\" \/><input type=\"hidden\" name=\"_wpcf7_recaptcha_response\" value=\"\" \/>\n<\/fieldset>\n<div class=\"wpcf7-form\">\n\t<div class=\"row\">\n\t\t<div class=\"column-flex-50\">\n\t\t\t<p><label>First name<span class=\"wpcf7-form-control-wrap\" data-name=\"your-name\"><input size=\"40\" maxlength=\"400\" class=\"wpcf7-form-control wpcf7-text wpcf7-validates-as-required\" autocomplete=\"name\" aria-required=\"true\" aria-invalid=\"false\" value=\"\" type=\"text\" name=\"your-name\" \/><\/span><\/label>\n\t\t\t<\/p>\n\t\t<\/div>\n\t\t<div class=\"column-flex-50\">\n\t\t\t<p><label>Last name<span class=\"wpcf7-form-control-wrap\" data-name=\"you-apellidos\"><input size=\"40\" maxlength=\"400\" class=\"wpcf7-form-control wpcf7-text wpcf7-validates-as-required\" autocomplete=\"apellidos\" aria-required=\"true\" aria-invalid=\"false\" value=\"\" type=\"text\" name=\"you-apellidos\" \/><\/span><\/label>\n\t\t\t<\/p>\n\t\t<\/div>\n\t\t<div class=\"column-flex-50\">\n\t\t\t<p><label>E-mail<span class=\"wpcf7-form-control-wrap\" data-name=\"your-email\"><input size=\"40\" maxlength=\"400\" class=\"wpcf7-form-control wpcf7-email wpcf7-validates-as-required wpcf7-text wpcf7-validates-as-email\" autocomplete=\"email\" aria-required=\"true\" aria-invalid=\"false\" value=\"\" type=\"email\" name=\"your-email\" \/><\/span><\/label>\n\t\t\t<\/p>\n\t\t<\/div>\n\t\t<div class=\"column-flex-50\">\n\t\t\t<p><label>Phone\/WhatsApp<span class=\"wpcf7-form-control-wrap\" data-name=\"your-phone\"><input size=\"40\" maxlength=\"400\" class=\"wpcf7-form-control wpcf7-text wpcf7-validates-as-required\" autocomplete=\"phone\" aria-required=\"true\" aria-invalid=\"false\" value=\"\" type=\"text\" name=\"your-phone\" \/><\/span><\/label>\n\t\t\t<\/p>\n\t\t<\/div>\n\t\t<div class=\"column-flex-50\">\n\t\t\t<p><label>Subject<span class=\"wpcf7-form-control-wrap\" data-name=\"asunto-opt\"><select class=\"wpcf7-form-control wpcf7-select\" aria-invalid=\"false\" name=\"asunto-opt\"><option value=\"Reserva de habitaci\u00f3n\">Room Reservation<\/option><option value=\"Consultas e informes\">Inquiries and Reports<\/option><option value=\"Otros asuntos\">Other matters<\/option><\/select><\/span><\/label>\n\t\t\t<\/p>\n\t\t<\/div>\n\t<\/div>\n\t<p><label>Message<br \/>\n<span class=\"wpcf7-form-control-wrap\" data-name=\"your-message\"><textarea cols=\"40\" rows=\"3\" maxlength=\"2000\" class=\"wpcf7-form-control wpcf7-textarea\" aria-invalid=\"false\" name=\"your-message\"><\/textarea><\/span><\/label>\n\t<\/p>\n\t<div class=\"wpcf7-button elementor-button-default elementor-widget-button\">\n\t\t<p><button type=\"submit\" class=\"elementor-button\"><span class=\"elementor-button-content-wrapper\"><span class=\"elementor-button-text\">Send<\/span><span class=\"elementor-button-icon\"><i class=\"amoja-icon-arrow-right\"><\/i><\/span><\/span><\/button>\n\t\t<\/p>\n\t<\/div>\n<\/div><div class=\"wpcf7-response-output\" aria-hidden=\"true\"><\/div>\n<input type=\"hidden\" name=\"trp-form-language\" value=\"en\"\/><\/form>\n<\/div>\n\t\t\t\t<\/div>\n\t\t\t\t<\/div>\n\t\t\t\t\t<\/div>\n\t\t\t\t<\/div>\n\t\t<div class=\"elementor-element elementor-element-e4e9440 e-flex e-con-boxed wpr-particle-no wpr-jarallax-no wpr-parallax-no wpr-sticky-section-no e-con e-parent\" data-id=\"e4e9440\" data-element_type=\"container\" data-settings=\"{&quot;position&quot;:&quot;fixed&quot;}\">\n\t\t\t\t\t<div class=\"e-con-inner\">\n\t\t\t\t<div class=\"elementor-element elementor-element-3874f30 elementor-fixed elementor-align-center elementor-widget__width-initial elementor-button-default elementor-widget elementor-widget-button\" data-id=\"3874f30\" data-element_type=\"widget\" data-settings=\"{&quot;_position&quot;:&quot;fixed&quot;}\" data-widget_type=\"button.default\">\n\t\t\t\t<div class=\"elementor-widget-container\">\n\t\t\t\t\t\t\t\t\t<div class=\"elementor-button-wrapper\">\n\t\t\t\t\t<a class=\"elementor-button elementor-button-link elementor-size-sm\" href=\"https:\/\/reservations.orbebooking.com\/Search\/Init\/25Yjf\/es\">\n\t\t\t\t\t\t<span class=\"elementor-button-content-wrapper\">\n\t\t\t\t\t\t\t\t\t<span class=\"elementor-button-text\">Book Now<\/span>\n\t\t\t\t\t<\/span>\n\t\t\t\t\t<\/a>\n\t\t\t\t<\/div>\n\t\t\t\t\t\t\t\t<\/div>\n\t\t\t\t<\/div>\n\t\t\t\t\t<\/div>\n\t\t\t\t<\/div>\n\t\t\t\t<\/div>","protected":false},"excerpt":{"rendered":"<p>Cont\u00e1ctanos \u00a1Nos encantar\u00eda saber de ti! Cont\u00e1ctanos a trav\u00e9s de nuestro formulario de contacto, correo electr\u00f3nico o tel\u00e9fono. Direcci\u00f3n Av. Panamericana Norte. Km 179, Canoas de Punta Sal 24560 Escr\u00edbenos informes@yemayaperu.com WhatsApp +51 981 848 008 Estamos aqu\u00ed para ayudar. \u00bfTienes alguna pregunta? Comun\u00edcate con nosotros para consultas sobre reservas o para obtener m\u00e1s informaci\u00f3n sobre nuestras experiencias. Nombres Apellidos E-mail Tel\u00e9fono\/WhatsApp AsuntoReserva de habitaci\u00f3nConsultas e informesOtros asuntos Mensaje Enviar Book Now<\/p>","protected":false},"author":1,"featured_media":0,"parent":0,"menu_order":0,"comment_status":"closed","ping_status":"closed","template":"template-homepage.php","meta":{"inline_featured_image":false,"footnotes":""},"class_list":["post-100","page","type-page","status-publish","hentry"],"yoast_head":"<!-- This site is optimized with the Yoast SEO plugin v25.6 - https:\/\/yoast.com\/wordpress\/plugins\/seo\/ -->\n<title>Contacto - Yemay\u00e1<\/title>\n<meta name=\"robots\" content=\"index, follow, max-snippet:-1, max-image-preview:large, max-video-preview:-1\" \/>\n<link rel=\"canonical\" href=\"https:\/\/yemayaperu.com\/en\/contacto\/\" \/>\n<meta property=\"og:locale\" content=\"en_US\" \/>\n<meta property=\"og:type\" content=\"article\" \/>\n<meta property=\"og:title\" content=\"Contacto - Yemay\u00e1\" \/>\n<meta property=\"og:description\" content=\"Cont\u00e1ctanos \u00a1Nos encantar\u00eda saber de ti! Cont\u00e1ctanos a trav\u00e9s de nuestro formulario de contacto, correo electr\u00f3nico o tel\u00e9fono. Direcci\u00f3n Av. Panamericana Norte. Km 179, Canoas de Punta Sal 24560 Escr\u00edbenos informes@yemayaperu.com WhatsApp +51 981 848 008 Estamos aqu\u00ed para ayudar. \u00bfTienes alguna pregunta? Comun\u00edcate con nosotros para consultas sobre reservas o para obtener m\u00e1s informaci\u00f3n sobre nuestras experiencias. Nombres Apellidos E-mail Tel\u00e9fono\/WhatsApp AsuntoReserva de habitaci\u00f3nConsultas e informesOtros asuntos Mensaje Enviar Book Now\" \/>\n<meta property=\"og:url\" content=\"https:\/\/yemayaperu.com\/en\/contacto\/\" \/>\n<meta property=\"og:site_name\" content=\"Yemay\u00e1\" \/>\n<meta property=\"article:publisher\" content=\"https:\/\/www.facebook.com\/yemayaperu\/\" \/>\n<meta property=\"article:modified_time\" content=\"2025-05-29T15:50:38+00:00\" \/>\n<meta name=\"twitter:card\" content=\"summary_large_image\" \/>\n<meta name=\"twitter:label1\" content=\"Est. reading time\" \/>\n\t<meta name=\"twitter:data1\" content=\"1 minute\" \/>\n<script type=\"application\/ld+json\" class=\"yoast-schema-graph\">{\"@context\":\"https:\/\/schema.org\",\"@graph\":[{\"@type\":\"WebPage\",\"@id\":\"https:\/\/yemayaperu.com\/contacto\/\",\"url\":\"https:\/\/yemayaperu.com\/contacto\/\",\"name\":\"Contacto - Yemay\u00e1\",\"isPartOf\":{\"@id\":\"https:\/\/yemayaperu.com\/#website\"},\"datePublished\":\"2024-11-06T06:43:41+00:00\",\"dateModified\":\"2025-05-29T15:50:38+00:00\",\"breadcrumb\":{\"@id\":\"https:\/\/yemayaperu.com\/contacto\/#breadcrumb\"},\"inLanguage\":\"en-US\",\"potentialAction\":[{\"@type\":\"ReadAction\",\"target\":[\"https:\/\/yemayaperu.com\/contacto\/\"]}]},{\"@type\":\"BreadcrumbList\",\"@id\":\"https:\/\/yemayaperu.com\/contacto\/#breadcrumb\",\"itemListElement\":[{\"@type\":\"ListItem\",\"position\":1,\"name\":\"Home\",\"item\":\"https:\/\/yemayaperu.com\/\"},{\"@type\":\"ListItem\",\"position\":2,\"name\":\"Contacto\"}]},{\"@type\":\"WebSite\",\"@id\":\"https:\/\/yemayaperu.com\/#website\",\"url\":\"https:\/\/yemayaperu.com\/\",\"name\":\"Yemay\u00e1\",\"description\":\"Boutique Hotel\",\"publisher\":{\"@id\":\"https:\/\/yemayaperu.com\/#organization\"},\"potentialAction\":[{\"@type\":\"SearchAction\",\"target\":{\"@type\":\"EntryPoint\",\"urlTemplate\":\"https:\/\/yemayaperu.com\/?s={search_term_string}\"},\"query-input\":{\"@type\":\"PropertyValueSpecification\",\"valueRequired\":true,\"valueName\":\"search_term_string\"}}],\"inLanguage\":\"en-US\"},{\"@type\":\"Organization\",\"@id\":\"https:\/\/yemayaperu.com\/#organization\",\"name\":\"Yemay\u00e1 Boutique Hotel\",\"url\":\"https:\/\/yemayaperu.com\/\",\"logo\":{\"@type\":\"ImageObject\",\"inLanguage\":\"en-US\",\"@id\":\"https:\/\/yemayaperu.com\/#\/schema\/logo\/image\/\",\"url\":\"https:\/\/yemayaperu.com\/\/wp-content\/uploads\/2025\/03\/logo_Ym.webp\",\"contentUrl\":\"https:\/\/yemayaperu.com\/\/wp-content\/uploads\/2025\/03\/logo_Ym.webp\",\"width\":650,\"height\":336,\"caption\":\"Yemay\u00e1 Boutique Hotel\"},\"image\":{\"@id\":\"https:\/\/yemayaperu.com\/#\/schema\/logo\/image\/\"},\"sameAs\":[\"https:\/\/www.facebook.com\/yemayaperu\/\",\"https:\/\/www.instagram.com\/yemayahotel\/\"]}]}<\/script>\n<!-- \/ Yoast SEO plugin. -->","yoast_head_json":{"title":"Contacto - Yemay\u00e1","robots":{"index":"index","follow":"follow","max-snippet":"max-snippet:-1","max-image-preview":"max-image-preview:large","max-video-preview":"max-video-preview:-1"},"canonical":"https:\/\/yemayaperu.com\/en\/contacto\/","og_locale":"en_US","og_type":"article","og_title":"Contacto - Yemay\u00e1","og_description":"Cont\u00e1ctanos \u00a1Nos encantar\u00eda saber de ti! Cont\u00e1ctanos a trav\u00e9s de nuestro formulario de contacto, correo electr\u00f3nico o tel\u00e9fono. Direcci\u00f3n Av. Panamericana Norte. Km 179, Canoas de Punta Sal 24560 Escr\u00edbenos informes@yemayaperu.com WhatsApp +51 981 848 008 Estamos aqu\u00ed para ayudar. \u00bfTienes alguna pregunta? Comun\u00edcate con nosotros para consultas sobre reservas o para obtener m\u00e1s informaci\u00f3n sobre nuestras experiencias. Nombres Apellidos E-mail Tel\u00e9fono\/WhatsApp AsuntoReserva de habitaci\u00f3nConsultas e informesOtros asuntos Mensaje Enviar Book Now","og_url":"https:\/\/yemayaperu.com\/en\/contacto\/","og_site_name":"Yemay\u00e1","article_publisher":"https:\/\/www.facebook.com\/yemayaperu\/","article_modified_time":"2025-05-29T15:50:38+00:00","twitter_card":"summary_large_image","twitter_misc":{"Est. reading time":"1 minute"},"schema":{"@context":"https:\/\/schema.org","@graph":[{"@type":"WebPage","@id":"https:\/\/yemayaperu.com\/contacto\/","url":"https:\/\/yemayaperu.com\/contacto\/","name":"Contacto - Yemay\u00e1","isPartOf":{"@id":"https:\/\/yemayaperu.com\/#website"},"datePublished":"2024-11-06T06:43:41+00:00","dateModified":"2025-05-29T15:50:38+00:00","breadcrumb":{"@id":"https:\/\/yemayaperu.com\/contacto\/#breadcrumb"},"inLanguage":"en-US","potentialAction":[{"@type":"ReadAction","target":["https:\/\/yemayaperu.com\/contacto\/"]}]},{"@type":"BreadcrumbList","@id":"https:\/\/yemayaperu.com\/contacto\/#breadcrumb","itemListElement":[{"@type":"ListItem","position":1,"name":"Home","item":"https:\/\/yemayaperu.com\/"},{"@type":"ListItem","position":2,"name":"Contacto"}]},{"@type":"WebSite","@id":"https:\/\/yemayaperu.com\/#website","url":"https:\/\/yemayaperu.com\/","name":"Yemay\u00e1","description":"Boutique Hotel","publisher":{"@id":"https:\/\/yemayaperu.com\/#organization"},"potentialAction":[{"@type":"SearchAction","target":{"@type":"EntryPoint","urlTemplate":"https:\/\/yemayaperu.com\/?s={search_term_string}"},"query-input":{"@type":"PropertyValueSpecification","valueRequired":true,"valueName":"search_term_string"}}],"inLanguage":"en-US"},{"@type":"Organization","@id":"https:\/\/yemayaperu.com\/#organization","name":"Yemay\u00e1 Boutique Hotel","url":"https:\/\/yemayaperu.com\/","logo":{"@type":"ImageObject","inLanguage":"en-US","@id":"https:\/\/yemayaperu.com\/#\/schema\/logo\/image\/","url":"https:\/\/yemayaperu.com\/\/wp-content\/uploads\/2025\/03\/logo_Ym.webp","contentUrl":"https:\/\/yemayaperu.com\/\/wp-content\/uploads\/2025\/03\/logo_Ym.webp","width":650,"height":336,"caption":"Yemay\u00e1 Boutique Hotel"},"image":{"@id":"https:\/\/yemayaperu.com\/#\/schema\/logo\/image\/"},"sameAs":["https:\/\/www.facebook.com\/yemayaperu\/","https:\/\/www.instagram.com\/yemayahotel\/"]}]}},"_links":{"self":[{"href":"https:\/\/yemayaperu.com\/en\/wp-json\/wp\/v2\/pages\/100","targetHints":{"allow":["GET"]}}],"collection":[{"href":"https:\/\/yemayaperu.com\/en\/wp-json\/wp\/v2\/pages"}],"about":[{"href":"https:\/\/yemayaperu.com\/en\/wp-json\/wp\/v2\/types\/page"}],"author":[{"embeddable":true,"href":"https:\/\/yemayaperu.com\/en\/wp-json\/wp\/v2\/users\/1"}],"replies":[{"embeddable":true,"href":"https:\/\/yemayaperu.com\/en\/wp-json\/wp\/v2\/comments?post=100"}],"version-history":[{"count":0,"href":"https:\/\/yemayaperu.com\/en\/wp-json\/wp\/v2\/pages\/100\/revisions"}],"wp:attachment":[{"href":"https:\/\/yemayaperu.com\/en\/wp-json\/wp\/v2\/media?parent=100"}],"curies":[{"name":"wp","href":"https:\/\/api.w.org\/{rel}","templated":true}]}}